{"id":898,"date":"2026-03-08T13:18:39","date_gmt":"2026-03-08T13:18:39","guid":{"rendered":"https:\/\/www.balterbeyazesyamobilya.com\/?post_type=product&#038;p=898"},"modified":"2026-03-08T13:19:08","modified_gmt":"2026-03-08T13:19:08","slug":"altus-3-program-bulasik-makinesi-al-413-p","status":"publish","type":"product","link":"https:\/\/www.balterbeyazesyamobilya.com\/index.php\/urun\/altus-3-program-bulasik-makinesi-al-413-p\/","title":{"rendered":"Altus 3 Program Bula\u015f\u0131k Makinesi AL 413 P"},"content":{"rendered":"<div class=\"PropertyTable__row\">\n<div class=\"att_name PropertyTable__column\"><label id=\"\u00dcr\u00fcn Tipilabel\" class=\"Maw(180px) Maw(280px)--xl Mx(a)\" for=\"\u00dcr\u00fcn Tipi\">\u00dcr\u00fcn Tipi<\/label><\/div>\n<div class=\"att_value PropertyTable__column\"><span role=\"textbox\" aria-labelledby=\"\u00dcr\u00fcn Tipilabel\">Solo<\/span><\/div>\n<\/div>\n<div class=\"PropertyTable__row\">\n<div class=\"att_name PropertyTable__column\"><label id=\"\u00dcr\u00fcn Rengilabel\" class=\"Maw(180px) Maw(280px)--xl Mx(a)\" for=\"\u00dcr\u00fcn Rengi\">\u00dcr\u00fcn Rengi<\/label><\/div>\n<div class=\"att_value PropertyTable__column\"><span role=\"textbox\" aria-labelledby=\"\u00dcr\u00fcn Rengilabel\">Beyaz<\/span><\/div>\n<\/div>\n<div class=\"PropertyTable__row\">\n<div class=\"att_name PropertyTable__column\"><label id=\"Program Say\u0131s\u0131label\" class=\"Maw(180px) Maw(280px)--xl Mx(a)\" for=\"Program Say\u0131s\u0131\">Program Say\u0131s\u0131<\/label><\/div>\n<div class=\"att_value PropertyTable__column\"><span role=\"textbox\" aria-labelledby=\"Program Say\u0131s\u0131label\">3<\/span><\/div>\n<\/div>\n<div class=\"PropertyTable__row\">\n<div class=\"att_name PropertyTable__column\"><label id=\"Ekran Tipilabel\" class=\"Maw(180px) Maw(280px)--xl Mx(a)\" for=\"Ekran Tipi\">Ekran Tipi<\/label><\/div>\n<div class=\"att_value PropertyTable__column\"><span role=\"textbox\" aria-labelledby=\"Ekran Tipilabel\">LED<\/span><\/div>\n<\/div>\n<div class=\"PropertyTable__row\">\n<div class=\"att_name PropertyTable__column\"><label id=\"G\u00f6vde Tipilabel\" class=\"Maw(180px) Maw(280px)--xl Mx(a)\" for=\"G\u00f6vde Tipi\">G\u00f6vde Tipi<\/label><\/div>\n<div class=\"att_value PropertyTable__column\"><span role=\"textbox\" aria-labelledby=\"G\u00f6vde Tipilabel\">Paslanmaz \u00c7elik G\u00f6vde<\/span><\/div>\n<\/div>\n<div class=\"PropertyTable__row\">\n<div class=\"att_name PropertyTable__column\"><label id=\"Enerji S\u0131n\u0131f\u0131label\" class=\"Maw(180px) Maw(280px)--xl Mx(a)\" for=\"Enerji S\u0131n\u0131f\u0131\">Enerji S\u0131n\u0131f\u0131<\/label><\/div>\n<div class=\"att_value PropertyTable__column\"><span role=\"textbox\" aria-labelledby=\"Enerji S\u0131n\u0131f\u0131label\">E<\/span><\/div>\n<\/div>\n<div class=\"PropertyTable__row\">\n<div class=\"att_name PropertyTable__column\"><label id=\"Ses S\u0131n\u0131f\u0131label\" class=\"Maw(180px) Maw(280px)--xl Mx(a)\" for=\"Ses S\u0131n\u0131f\u0131\">Ses S\u0131n\u0131f\u0131<\/label><\/div>\n<div class=\"att_value PropertyTable__column\"><span role=\"textbox\" aria-labelledby=\"Ses S\u0131n\u0131f\u0131label\">D<\/span><\/div>\n<\/div>\n<div class=\"PropertyTable__row\">\n<div class=\"att_name PropertyTable__column\"><label id=\"Kapasitelabel\" class=\"Maw(180px) Maw(280px)--xl Mx(a)\" for=\"Kapasite\">Kapasite<\/label><\/div>\n<div class=\"att_value PropertyTable__column\"><span role=\"textbox\" aria-labelledby=\"Kapasitelabel\">13<\/span><\/div>\n<\/div>\n","protected":false},"excerpt":{"rendered":"<p>\u00dcr\u00fcn Tipi Solo \u00dcr\u00fcn Rengi Beyaz Program Say\u0131s\u0131 3 Ekran Tipi LED G\u00f6vde Tipi Paslanmaz \u00c7elik G\u00f6vde Enerji S\u0131n\u0131f\u0131 E Ses S\u0131n\u0131f\u0131 D Kapasite 13<\/p>\n","protected":false},"featured_media":899,"comment_status":"open","ping_status":"closed","template":"","meta":{"content-type":""},"pwb-brand":[],"product_brand":[],"product_cat":[41,48],"product_tag":[49],"class_list":{"0":"post-898","1":"product","2":"type-product","3":"status-publish","4":"has-post-thumbnail","6":"product_cat-beyaz-esya","7":"product_cat-bulasik-makinesi","8":"product_tag-bulasik-makinesi","10":"first","11":"instock","12":"sale","13":"shipping-taxable","14":"purchasable","15":"product-type-simple"},"brands":[],"_links":{"self":[{"href":"https:\/\/www.balterbeyazesyamobilya.com\/index.php\/wp-json\/wp\/v2\/product\/898","targetHints":{"allow":["GET"]}}],"collection":[{"href":"https:\/\/www.balterbeyazesyamobilya.com\/index.php\/wp-json\/wp\/v2\/product"}],"about":[{"href":"https:\/\/www.balterbeyazesyamobilya.com\/index.php\/wp-json\/wp\/v2\/types\/product"}],"replies":[{"embeddable":true,"href":"https:\/\/www.balterbeyazesyamobilya.com\/index.php\/wp-json\/wp\/v2\/comments?post=898"}],"wp:featuredmedia":[{"embeddable":true,"href":"https:\/\/www.balterbeyazesyamobilya.com\/index.php\/wp-json\/wp\/v2\/media\/899"}],"wp:attachment":[{"href":"https:\/\/www.balterbeyazesyamobilya.com\/index.php\/wp-json\/wp\/v2\/media?parent=898"}],"wp:term":[{"taxonomy":"pwb-brand","embeddable":true,"href":"https:\/\/www.balterbeyazesyamobilya.com\/index.php\/wp-json\/wp\/v2\/pwb-brand?post=898"},{"taxonomy":"product_brand","embeddable":true,"href":"https:\/\/www.balterbeyazesyamobilya.com\/index.php\/wp-json\/wp\/v2\/product_brand?post=898"},{"taxonomy":"product_cat","embeddable":true,"href":"https:\/\/www.balterbeyazesyamobilya.com\/index.php\/wp-json\/wp\/v2\/product_cat?post=898"},{"taxonomy":"product_tag","embeddable":true,"href":"https:\/\/www.balterbeyazesyamobilya.com\/index.php\/wp-json\/wp\/v2\/product_tag?post=898"}],"curies":[{"name":"wp","href":"https:\/\/api.w.org\/{rel}","templated":true}]}}