{"id":871,"date":"2026-03-08T13:06:27","date_gmt":"2026-03-08T13:06:27","guid":{"rendered":"https:\/\/www.balterbeyazesyamobilya.com\/?post_type=product&#038;p=871"},"modified":"2026-03-08T13:06:27","modified_gmt":"2026-03-08T13:06:27","slug":"al-376-ey-no-frost-buzdolabi-557-litre","status":"publish","type":"product","link":"https:\/\/www.balterbeyazesyamobilya.com\/index.php\/urun\/al-376-ey-no-frost-buzdolabi-557-litre\/","title":{"rendered":"AL 376 EY No-Frost Buzdolab\u0131 557 Litre"},"content":{"rendered":"<div class=\"PropertyTable__row\">\n<div class=\"att_name PropertyTable__column\"><label id=\"\u00dcr\u00fcn rengilabel\" class=\"Maw(180px) Maw(280px)--xl Mx(a)\" for=\"\u00dcr\u00fcn rengi\">\u00dcr\u00fcn rengi<\/label><\/div>\n<div class=\"att_value PropertyTable__column\"><span role=\"textbox\" aria-labelledby=\"\u00dcr\u00fcn rengilabel\">Beyaz<\/span><\/div>\n<\/div>\n<div class=\"PropertyTable__row\">\n<div class=\"att_name PropertyTable__column\"><label id=\"Dondurucu Yerilabel\" class=\"Maw(180px) Maw(280px)--xl Mx(a)\" for=\"Dondurucu Yeri\">Dondurucu Yeri<\/label><\/div>\n<div class=\"att_value PropertyTable__column\"><span role=\"textbox\" aria-labelledby=\"Dondurucu Yerilabel\">Dondurucu \u00dcstte<\/span><\/div>\n<\/div>\n<div class=\"PropertyTable__row\">\n<div class=\"att_name PropertyTable__column\"><label id=\"Elektronik G\u00f6stergelabel\" class=\"Maw(180px) Maw(280px)--xl Mx(a)\" for=\"Elektronik G\u00f6sterge\">Elektronik G\u00f6sterge<\/label><\/div>\n<div class=\"att_value PropertyTable__column\"><span role=\"textbox\" aria-labelledby=\"Elektronik G\u00f6stergelabel\">Tatil modu<\/span><\/div>\n<\/div>\n<div class=\"PropertyTable__row\">\n<div class=\"att_name PropertyTable__column\"><label id=\"Kontrol Sistemilabel\" class=\"Maw(180px) Maw(280px)--xl Mx(a)\" for=\"Kontrol Sistemi\">Kontrol Sistemi<\/label><\/div>\n<div class=\"att_value PropertyTable__column\"><span role=\"textbox\" aria-labelledby=\"Kontrol Sistemilabel\">Elektronik<\/span><\/div>\n<\/div>\n<div class=\"PropertyTable__row\">\n<div class=\"att_name PropertyTable__column\"><label id=\"Tatil Modulabel\" class=\"Maw(180px) Maw(280px)--xl Mx(a)\" for=\"Tatil Modu\">Tatil Modu<\/label><\/div>\n<div class=\"att_value PropertyTable__column\"><span role=\"textbox\" aria-labelledby=\"Tatil Modulabel\">Var<\/span><\/div>\n<\/div>\n<div class=\"PropertyTable__row\">\n<div class=\"att_name PropertyTable__column\"><label id=\"Ekonomik modlabel\" class=\"Maw(180px) Maw(280px)--xl Mx(a)\" for=\"Ekonomik mod\">Ekonomik mod<\/label><\/div>\n<div class=\"att_value PropertyTable__column\"><span role=\"textbox\" aria-labelledby=\"Ekonomik modlabel\">Var<\/span><\/div>\n<\/div>\n<div class=\"PropertyTable__row\">\n<div class=\"att_name PropertyTable__column\"><label id=\"Inverter Kompres\u00f6rlabel\" class=\"Maw(180px) Maw(280px)--xl Mx(a)\" for=\"Inverter Kompres\u00f6r\">Inverter Kompres\u00f6r<\/label><\/div>\n<div class=\"att_value PropertyTable__column\"><span role=\"textbox\" aria-labelledby=\"Inverter Kompres\u00f6rlabel\">Var<\/span><\/div>\n<\/div>\n<div class=\"PropertyTable__row\">\n<div class=\"att_name PropertyTable__column\"><label id=\"Ayd\u0131nlatmalabel\" class=\"Maw(180px) Maw(280px)--xl Mx(a)\" for=\"Ayd\u0131nlatma\">Ayd\u0131nlatma<\/label><\/div>\n<div class=\"att_value PropertyTable__column\"><span role=\"textbox\" aria-labelledby=\"Ayd\u0131nlatmalabel\">Yan duvarlarda LED<\/span><\/div>\n<\/div>\n<div class=\"PropertyTable__row\">\n<div class=\"att_name PropertyTable__column\"><label id=\"Toplam hacim (L)label\" class=\"Maw(180px) Maw(280px)--xl Mx(a)\" for=\"Toplam hacim (L)\">Toplam hacim (L)<\/label><\/div>\n<div class=\"att_value PropertyTable__column\"><span role=\"textbox\" aria-labelledby=\"Toplam hacim (L)label\">557 L<\/span><\/div>\n<\/div>\n<div class=\"PropertyTable__row\">\n<div class=\"att_name PropertyTable__column\"><label id=\"Kap\u0131 Y\u00f6n\u00fc De\u011fi\u015ftirmelabel\" class=\"Maw(180px) Maw(280px)--xl Mx(a)\" for=\"Kap\u0131 Y\u00f6n\u00fc De\u011fi\u015ftirme\">Kap\u0131 Y\u00f6n\u00fc De\u011fi\u015ftirme<\/label><\/div>\n<div class=\"att_value PropertyTable__column\"><span role=\"textbox\" aria-labelledby=\"Kap\u0131 Y\u00f6n\u00fc De\u011fi\u015ftirmelabel\">Mevcut De\u011fil<\/span><\/div>\n<\/div>\n","protected":false},"excerpt":{"rendered":"<p>\u00dcr\u00fcn rengi Beyaz Dondurucu Yeri Dondurucu \u00dcstte Elektronik G\u00f6sterge Tatil modu Kontrol Sistemi Elektronik Tatil Modu Var Ekonomik mod Var Inverter Kompres\u00f6r Var Ayd\u0131nlatma Yan duvarlarda LED Toplam hacim (L) 557 L Kap\u0131 Y\u00f6n\u00fc De\u011fi\u015ftirme Mevcut De\u011fil<\/p>\n","protected":false},"featured_media":872,"comment_status":"open","ping_status":"closed","template":"","meta":{"content-type":""},"pwb-brand":[],"product_brand":[],"product_cat":[41,44],"product_tag":[45],"class_list":{"0":"post-871","1":"product","2":"type-product","3":"status-publish","4":"has-post-thumbnail","6":"product_cat-beyaz-esya","7":"product_cat-buzdolabi","8":"product_tag-buzdolabi","10":"first","11":"instock","12":"sale","13":"shipping-taxable","14":"purchasable","15":"product-type-simple"},"brands":[],"_links":{"self":[{"href":"https:\/\/www.balterbeyazesyamobilya.com\/index.php\/wp-json\/wp\/v2\/product\/871","targetHints":{"allow":["GET"]}}],"collection":[{"href":"https:\/\/www.balterbeyazesyamobilya.com\/index.php\/wp-json\/wp\/v2\/product"}],"about":[{"href":"https:\/\/www.balterbeyazesyamobilya.com\/index.php\/wp-json\/wp\/v2\/types\/product"}],"replies":[{"embeddable":true,"href":"https:\/\/www.balterbeyazesyamobilya.com\/index.php\/wp-json\/wp\/v2\/comments?post=871"}],"wp:featuredmedia":[{"embeddable":true,"href":"https:\/\/www.balterbeyazesyamobilya.com\/index.php\/wp-json\/wp\/v2\/media\/872"}],"wp:attachment":[{"href":"https:\/\/www.balterbeyazesyamobilya.com\/index.php\/wp-json\/wp\/v2\/media?parent=871"}],"wp:term":[{"taxonomy":"pwb-brand","embeddable":true,"href":"https:\/\/www.balterbeyazesyamobilya.com\/index.php\/wp-json\/wp\/v2\/pwb-brand?post=871"},{"taxonomy":"product_brand","embeddable":true,"href":"https:\/\/www.balterbeyazesyamobilya.com\/index.php\/wp-json\/wp\/v2\/product_brand?post=871"},{"taxonomy":"product_cat","embeddable":true,"href":"https:\/\/www.balterbeyazesyamobilya.com\/index.php\/wp-json\/wp\/v2\/product_cat?post=871"},{"taxonomy":"product_tag","embeddable":true,"href":"https:\/\/www.balterbeyazesyamobilya.com\/index.php\/wp-json\/wp\/v2\/product_tag?post=871"}],"curies":[{"name":"wp","href":"https:\/\/api.w.org\/{rel}","templated":true}]}}