{"id":848,"date":"2026-02-28T19:43:25","date_gmt":"2026-02-28T19:43:25","guid":{"rendered":"https:\/\/www.balterbeyazesyamobilya.com\/?post_type=product&#038;p=848"},"modified":"2026-02-28T19:43:26","modified_gmt":"2026-02-28T19:43:26","slug":"balter-dugun-paketi","status":"publish","type":"product","link":"https:\/\/www.balterbeyazesyamobilya.com\/index.php\/urun\/balter-dugun-paketi\/","title":{"rendered":"Balter D\u00fc\u011f\u00fcn Paketi"},"content":{"rendered":"","protected":false},"excerpt":{"rendered":"","protected":false},"featured_media":849,"comment_status":"open","ping_status":"closed","template":"","meta":{"content-type":""},"pwb-brand":[],"product_brand":[],"product_cat":[42],"product_tag":[43],"class_list":{"0":"post-848","1":"product","2":"type-product","3":"status-publish","4":"has-post-thumbnail","6":"product_cat-dugun-paketi","7":"product_tag-dugun-paketi","9":"first","10":"instock","11":"sale","12":"shipping-taxable","13":"purchasable","14":"product-type-simple"},"brands":[],"_links":{"self":[{"href":"https:\/\/www.balterbeyazesyamobilya.com\/index.php\/wp-json\/wp\/v2\/product\/848","targetHints":{"allow":["GET"]}}],"collection":[{"href":"https:\/\/www.balterbeyazesyamobilya.com\/index.php\/wp-json\/wp\/v2\/product"}],"about":[{"href":"https:\/\/www.balterbeyazesyamobilya.com\/index.php\/wp-json\/wp\/v2\/types\/product"}],"replies":[{"embeddable":true,"href":"https:\/\/www.balterbeyazesyamobilya.com\/index.php\/wp-json\/wp\/v2\/comments?post=848"}],"wp:featuredmedia":[{"embeddable":true,"href":"https:\/\/www.balterbeyazesyamobilya.com\/index.php\/wp-json\/wp\/v2\/media\/849"}],"wp:attachment":[{"href":"https:\/\/www.balterbeyazesyamobilya.com\/index.php\/wp-json\/wp\/v2\/media?parent=848"}],"wp:term":[{"taxonomy":"pwb-brand","embeddable":true,"href":"https:\/\/www.balterbeyazesyamobilya.com\/index.php\/wp-json\/wp\/v2\/pwb-brand?post=848"},{"taxonomy":"product_brand","embeddable":true,"href":"https:\/\/www.balterbeyazesyamobilya.com\/index.php\/wp-json\/wp\/v2\/product_brand?post=848"},{"taxonomy":"product_cat","embeddable":true,"href":"https:\/\/www.balterbeyazesyamobilya.com\/index.php\/wp-json\/wp\/v2\/product_cat?post=848"},{"taxonomy":"product_tag","embeddable":true,"href":"https:\/\/www.balterbeyazesyamobilya.com\/index.php\/wp-json\/wp\/v2\/product_tag?post=848"}],"curies":[{"name":"wp","href":"https:\/\/api.w.org\/{rel}","templated":true}]}}